{"id":8018,"date":"2025-09-11T14:27:30","date_gmt":"2025-09-11T12:27:30","guid":{"rendered":"https:\/\/lapalmacitytours.com\/politica-de-cancelacion-y-condiciones\/"},"modified":"2025-09-23T09:59:55","modified_gmt":"2025-09-23T07:59:55","slug":"stornierungsbedingungen-und-konditionen","status":"publish","type":"page","link":"https:\/\/lapalmacitytours.com\/de\/stornierungsbedingungen-und-konditionen\/","title":{"rendered":"Stornierungsbedingungen und Konditionen"},"content":{"rendered":"\t\t<div data-elementor-type=\"wp-page\" data-elementor-id=\"8018\" class=\"elementor elementor-8018 elementor-6903\" data-elementor-post-type=\"page\">\n\t\t\t\t<div class=\"elementor-element elementor-element-fe69f2e e-flex e-con-boxed e-con e-parent\" data-id=\"fe69f2e\" data-element_type=\"container\" data-e-type=\"container\">\n\t\t\t\t\t<div class=\"e-con-inner\">\n\t\t\t\t<div class=\"elementor-element elementor-element-f64defa elementor-widget elementor-widget-heading\" data-id=\"f64defa\" data-element_type=\"widget\" data-e-type=\"widget\" data-widget_type=\"heading.default\">\n\t\t\t\t\t<h1 class=\"elementor-heading-title elementor-size-default\">Stornierungsbedingungen und R\u00fcckerstattungsrichtlinien<\/h1>\t\t\t\t<\/div>\n\t\t\t\t<div class=\"elementor-element elementor-element-8948601 elementor-widget elementor-widget-text-editor\" data-id=\"8948601\" data-element_type=\"widget\" data-e-type=\"widget\" data-widget_type=\"text-editor.default\">\n\t\t\t\t\t\t\t\t\t<p>Diese Stornierungs- und R\u00fcckerstattungsbedingungen regeln die vertragliche Beziehung zwischen dem Kunden und <b>La Palma City Tours<\/b> (mit Sitz in La Palma, Kanarische Inseln) in Bezug auf Tourbuchungen, die \u00fcber die offizielle Website oder am ausgewiesenen Treffpunkt vorgenommen werden.<\/p>\n<h3><span style=\"color: #00355d;\">1. Gegenstand<\/span><\/h3>\n<p><b>1.1.<\/b> Diese Bedingungen legen die Bestimmungen f\u00fcr die G\u00fcltigkeit von Tickets, Stornierungsverfahren, Zahlungsmethoden und allgemeine Regelungen f\u00fcr die Buchung von Touren, die von <b>La Palma City Tours<\/b> angeboten werden, fest.<\/p>\n<h3><span style=\"color: #00355d;\">2. Ticketg\u00fcltigkeit<\/span><\/h3>\n<p><b>2.1.<\/b> Das gekaufte Ticket ist ausschlie\u00dflich f\u00fcr das vom Kunden zum Zeitpunkt der Buchung gew\u00e4hlte Datum g\u00fcltig.<\/p>\n<p><b>2.2.<\/b> Eine \u00c4nderung des Datums nach Ausstellung des Tickets ist nicht zul\u00e4ssig, es sei denn, <b>La Palma City Tours<\/b> erteilt eine ausdr\u00fcckliche Genehmigung.<\/p>\n<h3><span style=\"color: #00355d;\">3. Stornierungs- und R\u00fcckerstattungsrichtlinien<\/span><\/h3>\n<p><b>3.1.<\/b> Die Stornierung einer Buchung durch den Kunden unterliegt den folgenden Bedingungen:<\/p>\n<ul>\n<li>\n<p><b>a)<\/b> Stornierung am Tag der Tour: Der Kunde hat keinen Anspruch auf R\u00fcckerstattung (0 %).<\/p>\n<\/li>\n<li>\n<p><b>b)<\/b> Stornierung innerhalb von 24 Stunden vor Beginn der Tour: Der Kunde hat Anspruch auf eine R\u00fcckerstattung von 50 % des gezahlten Betrags.<\/p>\n<\/li>\n<li>\n<p><b>c)<\/b> Stornierung mehr als 24 Stunden vor Beginn der Tour: Der Kunde hat Anspruch auf eine R\u00fcckerstattung von 100 % des gezahlten Betrags.<\/p>\n<\/li>\n<\/ul>\n<p><b>3.2.<\/b> Das Nichterscheinen des Kunden zum vereinbarten Datum und zur vereinbarten Uhrzeit wird als Stornierung am selben Tag betrachtet, ohne Anspruch auf R\u00fcckerstattung.<\/p>\n<h3><span style=\"color: #00355d;\">4. Zahlungsmethoden<\/span><\/h3>\n<p><b>4.1.<\/b> Die Bezahlung der Tickets kann auf folgende Weisen erfolgen:<\/p>\n<ul>\n<li>\n<p><b>a)<\/b> Sichere Online-Zahlung \u00fcber die offizielle Website von <b>La Palma City Tours<\/b>.<\/p>\n<\/li>\n<li>\n<p><b>b)<\/b> Barzahlung am Treffpunkt der Tour.<\/p>\n<\/li>\n<li>\n<p><b>c)<\/b> Kartenzahlung \u00fcber ein mobiles Kartenleseger\u00e4t am Treffpunkt der Tour.<\/p>\n<\/li>\n<\/ul>\n<h3><span style=\"color: #00355d;\">5. Stornierungen durch La Palma City Tours<\/span><\/h3>\n<p><b>5.1.<\/b> Im Falle einer Stornierung der Tour durch <b>La Palma City Tours<\/b>, sei es aufgrund h\u00f6herer Gewalt (einschlie\u00dflich, aber nicht beschr\u00e4nkt auf widrige Wetterbedingungen, technische Probleme oder Sicherheitsgr\u00fcnde), hat der Kunde die Wahl zwischen:<\/p>\n<ul>\n<li>\n<p><b>a)<\/b> Der Umbuchung der Aktivit\u00e4t auf ein anderes verf\u00fcgbares Datum oder<\/p>\n<\/li>\n<li>\n<p><b>b)<\/b> Einer vollst\u00e4ndigen R\u00fcckerstattung des gezahlten Betrags.<\/p>\n<\/li>\n<\/ul>\n<h3><span style=\"color: #00355d;\">6. \u00c4nderungen<\/span><\/h3>\n<p><b>6.1.<\/b> <b>La Palma City Tours<\/b> beh\u00e4lt sich das Recht vor, diese Bedingungen jederzeit zu \u00e4ndern, zu aktualisieren oder zu l\u00f6schen.<\/p>\n<p><b>6.2.<\/b> Jede \u00c4nderung wird auf der offiziellen Website ver\u00f6ffentlicht und gilt sofort f\u00fcr alle neuen Buchungen, die nach der Ver\u00f6ffentlichung vorgenommen werden.<\/p>\t\t\t\t\t\t\t\t<\/div>\n\t\t\t\t\t<\/div>\n\t\t\t\t<\/div>\n\t\t\t\t<\/div>\n\t\t","protected":false},"excerpt":{"rendered":"<p>Stornierungsbedingungen und R\u00fcckerstattungsrichtlinien Diese Stornierungs- und R\u00fcckerstattungsbedingungen regeln die vertragliche Beziehung zwischen dem Kunden und La Palma City Tours (mit Sitz in La Palma, Kanarische Inseln) in Bezug auf Tourbuchungen, die \u00fcber die offizielle Website oder am ausgewiesenen Treffpunkt vorgenommen werden. 1. Gegenstand 1.1. Diese Bedingungen legen die Bestimmungen f\u00fcr die G\u00fcltigkeit von Tickets, Stornierungsverfahren, [&hellip;]<\/p>\n","protected":false},"author":1,"featured_media":0,"parent":0,"menu_order":0,"comment_status":"closed","ping_status":"closed","template":"","meta":{"footnotes":""},"class_list":["post-8018","page","type-page","status-publish","hentry"],"_links":{"self":[{"href":"https:\/\/lapalmacitytours.com\/de\/wp-json\/wp\/v2\/pages\/8018","targetHints":{"allow":["GET"]}}],"collection":[{"href":"https:\/\/lapalmacitytours.com\/de\/wp-json\/wp\/v2\/pages"}],"about":[{"href":"https:\/\/lapalmacitytours.com\/de\/wp-json\/wp\/v2\/types\/page"}],"author":[{"embeddable":true,"href":"https:\/\/lapalmacitytours.com\/de\/wp-json\/wp\/v2\/users\/1"}],"replies":[{"embeddable":true,"href":"https:\/\/lapalmacitytours.com\/de\/wp-json\/wp\/v2\/comments?post=8018"}],"version-history":[{"count":0,"href":"https:\/\/lapalmacitytours.com\/de\/wp-json\/wp\/v2\/pages\/8018\/revisions"}],"wp:attachment":[{"href":"https:\/\/lapalmacitytours.com\/de\/wp-json\/wp\/v2\/media?parent=8018"}],"curies":[{"name":"wp","href":"https:\/\/api.w.org\/{rel}","templated":true}]}}